{"id":34,"date":"2016-04-20T18:22:22","date_gmt":"2016-04-20T18:22:22","guid":{"rendered":"http:\/\/www.dipsol.com.ar\/?page_id=34"},"modified":"2025-07-22T11:53:40","modified_gmt":"2025-07-22T11:53:40","slug":"historia-de-la-escuela","status":"publish","type":"page","link":"https:\/\/www.dipsol.com.ar\/?page_id=34","title":{"rendered":"Historia de la Escuela"},"content":{"rendered":"<p align=\"justify\">Dipsol se ubica a la vanguardia de la capacitaci\u00f3n en el oficio con la experiencia iniciada en 1977 al fundar en Campana, con la pol\u00edtica de innovaci\u00f3n y progreso, <strong>la primera escuela de soldadura privada del pa\u00eds<\/strong>. Su fundador, Miguel Angel Dipaola, tradujo en este emprendimiento su conocimiento profesional en el \u00e1rea de la ingenier\u00eda en soldadura.<\/p>\n<p align=\"justify\">En los comienzos, la tarea docente estuvo orientada a la ense\u00f1anza del oficio a particulares y empleados de peque\u00f1as empresas de la zona. As\u00ed transcurri\u00f3 el primer a\u00f1o de la Escuela de Soldadura, en 1977.<\/p>\n<p align=\"justify\">Por entonces, el taller devenido en escuela, abri\u00f3 en la zona una nueva perspectiva sobre capacitaci\u00f3n de soldadores y otros oficios metal mec\u00e1nicos.<\/p>\n<p align=\"justify\">Poco tiempo despu\u00e9s, grandes empresas radicadas en la zona, destac\u00e1ndose entre ellas la Central Nuclear Atucha y la petrolera Esso, iniciaron ciclos de capacitaci\u00f3n de personal, en las aulas de Dipsol.<\/p>\n<p align=\"justify\">En a\u00f1os siguientes, y a partir de la puesta en marcha del llamado <strong>\u201cPlan de Multiplicidad de Tareas\u201d<\/strong>, se desarrollaron planes espec\u00edficos y se capacito al personal de la siderurgica Siderca.<\/p>\n<p align=\"justify\">A lo largo de los a\u00f1os, en las aulas de esta escuela privada tambi\u00e9n se capacitaron j\u00f3venes sin oficio que se convirtieron en soldadores, iniciando su carrera laboral, y se especializo a trabajadores que, ya integrados a la estructura del trabajo, lograron mejorar sus condiciones personales para la permanencia en sus puestos.<\/p>\n<p align=\"justify\">Por las aulas y talleres de la escuela de capitaci\u00f3n Dipsol, pasaron centenares de alumnos, y su inserci\u00f3n laboral en las estructuras industriales de la zona y el pa\u00eds, consolido la imagen que hoy nos permite posicionarnos ante el mercado con una <strong>oferta contundente y renovada.<\/strong><\/p>\n<p align=\"justify\">La Escuela cristaliza una firme posici\u00f3n de Dipsol: la capacitaci\u00f3n y reinserci\u00f3n laboral deben considerarse un complemento, porque el estudio y el trabajo van de la mano. En Dipsol trabajamos en la <strong>capacitaci\u00f3n de soldadores y oficios de la metal mec\u00e1nica<\/strong>.<\/p>\n<p align=\"justify\">La tarea cotidiana, adem\u00e1s, nos ha llevado a la necesidad de mantener v\u00ednculos permanentes con organismos cient\u00edficos y educacionales de los \u00e1mbitos nacionales e internacionales.<\/p>\n<p align=\"justify\">Atentos al desarrollo tecnol\u00f3gico, en Dipsol hemos crecido e incorporado nuevas herramientas y t\u00e9cnicas lo que nos permite ofrecer un servicio a empresas y trabajadores del sector que <strong>es garant\u00eda de calidad, solventado por los 48 a\u00f1os de experiencia en el mercado<\/strong>.<\/p>\n","protected":false},"excerpt":{"rendered":"<p>Dipsol se ubica a la vanguardia de la capacitaci\u00f3n en el oficio con la experiencia iniciada en 1977 al fundar en Campana, con la pol\u00edtica de innovaci\u00f3n y progreso, la primera escuela de soldadura privada del pa\u00eds. Su fundador, Miguel Angel Dipaola, tradujo en este emprendimiento su conocimiento profesional en el \u00e1rea de la ingenier\u00eda<a href=\"https:\/\/www.dipsol.com.ar\/?page_id=34\">[&#8230;]<\/a><\/p>\n","protected":false},"author":1,"featured_media":0,"parent":0,"menu_order":0,"comment_status":"closed","ping_status":"closed","template":"","meta":{"footnotes":""},"class_list":["post-34","page","type-page","status-publish","hentry"],"_links":{"self":[{"href":"https:\/\/www.dipsol.com.ar\/index.php?rest_route=\/wp\/v2\/pages\/34","targetHints":{"allow":["GET"]}}],"collection":[{"href":"https:\/\/www.dipsol.com.ar\/index.php?rest_route=\/wp\/v2\/pages"}],"about":[{"href":"https:\/\/www.dipsol.com.ar\/index.php?rest_route=\/wp\/v2\/types\/page"}],"author":[{"embeddable":true,"href":"https:\/\/www.dipsol.com.ar\/index.php?rest_route=\/wp\/v2\/users\/1"}],"replies":[{"embeddable":true,"href":"https:\/\/www.dipsol.com.ar\/index.php?rest_route=%2Fwp%2Fv2%2Fcomments&post=34"}],"version-history":[{"count":3,"href":"https:\/\/www.dipsol.com.ar\/index.php?rest_route=\/wp\/v2\/pages\/34\/revisions"}],"predecessor-version":[{"id":331,"href":"https:\/\/www.dipsol.com.ar\/index.php?rest_route=\/wp\/v2\/pages\/34\/revisions\/331"}],"wp:attachment":[{"href":"https:\/\/www.dipsol.com.ar\/index.php?rest_route=%2Fwp%2Fv2%2Fmedia&parent=34"}],"curies":[{"name":"wp","href":"https:\/\/api.w.org\/{rel}","templated":true}]}}